{"id":27,"date":"2024-04-11T15:56:02","date_gmt":"2024-04-11T18:56:02","guid":{"rendered":"https:\/\/saudedigitalbrasil.com.br\/?page_id=27"},"modified":"2024-10-15T00:19:09","modified_gmt":"2024-10-15T03:19:09","slug":"projetos","status":"publish","type":"page","link":"https:\/\/saudedigitalbrasil.com.br\/en_us\/projetos\/","title":{"rendered":"Projects"},"content":{"rendered":"<div data-elementor-type=\"wp-page\" data-elementor-id=\"27\" class=\"elementor elementor-27\" data-elementor-post-type=\"page\">\n\t\t\t\t<div class=\"elementor-element elementor-element-edc6bac e-con-full e-flex e-con e-parent\" data-id=\"edc6bac\" data-element_type=\"container\" data-settings=\"{&quot;background_background&quot;:&quot;classic&quot;}\">\n\t\t\t\t<div class=\"elementor-element elementor-element-cc53de3 elementor-widget elementor-widget-heading\" data-id=\"cc53de3\" data-element_type=\"widget\" data-widget_type=\"heading.default\">\n\t\t\t\t<div class=\"elementor-widget-container\">\n\t\t\t\t\t<h1 class=\"elementor-heading-title elementor-size-default\">SDB projects<\/h1>\t\t\t\t<\/div>\n\t\t\t\t<\/div>\n\t\t\t\t<\/div>\n\t\t<div class=\"elementor-element elementor-element-af5e922 e-flex e-con-boxed e-con e-parent\" data-id=\"af5e922\" data-element_type=\"container\">\n\t\t\t\t\t<div class=\"e-con-inner\">\n\t\t\t\t<div class=\"elementor-element elementor-element-9f73246 elementor-grid-3 elementor-grid-tablet-2 elementor-grid-mobile-1 elementor-widget elementor-widget-loop-grid\" data-id=\"9f73246\" data-element_type=\"widget\" data-settings=\"{&quot;template_id&quot;:&quot;1491&quot;,&quot;columns&quot;:3,&quot;pagination_type&quot;:&quot;numbers_and_prev_next&quot;,&quot;row_gap_mobile&quot;:{&quot;unit&quot;:&quot;px&quot;,&quot;size&quot;:60,&quot;sizes&quot;:[]},&quot;row_gap&quot;:{&quot;unit&quot;:&quot;px&quot;,&quot;size&quot;:50,&quot;sizes&quot;:[]},&quot;_skin&quot;:&quot;post&quot;,&quot;columns_tablet&quot;:&quot;2&quot;,&quot;columns_mobile&quot;:&quot;1&quot;,&quot;edit_handle_selector&quot;:&quot;[data-elementor-type=\\&quot;loop-item\\&quot;]&quot;,&quot;pagination_load_type&quot;:&quot;page_reload&quot;,&quot;row_gap_tablet&quot;:{&quot;unit&quot;:&quot;px&quot;,&quot;size&quot;:&quot;&quot;,&quot;sizes&quot;:[]}}\" data-widget_type=\"loop-grid.post\">\n\t\t\t\t<div class=\"elementor-widget-container\">\n\t\t\t\t\t\t\t<div class=\"elementor-loop-container elementor-grid\" role=\"list\">\n\t\t<style id=\"loop-1491\">.elementor-1491 .elementor-element.elementor-element-530f1ca{--display:flex;--flex-direction:column;--container-widget-width:calc( ( 1 - var( --container-widget-flex-grow ) ) * 100% );--container-widget-height:initial;--container-widget-flex-grow:0;--container-widget-align-self:initial;--flex-wrap-mobile:wrap;--align-items:center;--gap:0px 0px;--row-gap:0px;--column-gap:0px;--flex-wrap:wrap;--padding-top:0px;--padding-bottom:0px;--padding-left:0px;--padding-right:0px;}.elementor-1491 .elementor-element.elementor-element-533a9b0{--display:flex;--flex-direction:column;--container-widget-width:calc( ( 1 - var( --container-widget-flex-grow ) ) * 100% );--container-widget-height:initial;--container-widget-flex-grow:0;--container-widget-align-self:initial;--flex-wrap-mobile:wrap;--align-items:stretch;--border-radius:40px 40px 0px 0px;--padding-top:0px;--padding-bottom:0px;--padding-left:0px;--padding-right:0px;}.elementor-widget-theme-post-featured-image .widget-image-caption{color:var( --e-global-color-text );font-family:var( --e-global-typography-text-font-family ), Sans-serif;font-weight:var( --e-global-typography-text-font-weight );}.elementor-1491 .elementor-element.elementor-element-2215f04 img{width:100vw;height:230px;object-fit:cover;object-position:center center;border-radius:40px 40px 0px 0px;}.elementor-1491 .elementor-element.elementor-element-2215f04:hover img{opacity:0.9;}.elementor-1491 .elementor-element.elementor-element-ac2651b{--display:flex;--min-height:514px;--flex-direction:column;--container-widget-width:calc( ( 1 - var( --container-widget-flex-grow ) ) * 100% );--container-widget-height:initial;--container-widget-flex-grow:0;--container-widget-align-self:initial;--flex-wrap-mobile:wrap;--align-items:flex-start;--gap:30px 30px;--row-gap:30px;--column-gap:30px;--border-radius:0px 0px 40px 40px;--padding-top:25px;--padding-bottom:30px;--padding-left:30px;--padding-right:40px;}.elementor-1491 .elementor-element.elementor-element-ac2651b:not(.elementor-motion-effects-element-type-background), .elementor-1491 .elementor-element.elementor-element-ac2651b > .elementor-motion-effects-container > .elementor-motion-effects-layer{background-color:#F3F4F7;}.elementor-widget-heading .elementor-heading-title{font-family:var( --e-global-typography-primary-font-family ), Sans-serif;font-weight:var( --e-global-typography-primary-font-weight );color:var( --e-global-color-primary );}.elementor-1491 .elementor-element.elementor-element-16af743{width:var( --container-widget-width, 100% );max-width:100%;--container-widget-width:100%;--container-widget-flex-grow:0;text-align:start;}.elementor-1491 .elementor-element.elementor-element-16af743 .elementor-heading-title{font-family:\"Ubuntu\", Sans-serif;font-size:30px;font-weight:300;line-height:35px;color:#3E4242;}.elementor-widget-theme-post-content{color:var( --e-global-color-text );font-family:var( --e-global-typography-text-font-family ), Sans-serif;font-weight:var( --e-global-typography-text-font-weight );}.elementor-1491 .elementor-element.elementor-element-27edcc2{text-align:start;color:#3E4242;font-family:\"Ubuntu\", Sans-serif;font-size:15px;font-weight:300;line-height:22px;}.elementor-widget-button .elementor-button{background-color:var( --e-global-color-accent );font-family:var( --e-global-typography-accent-font-family ), Sans-serif;font-weight:var( --e-global-typography-accent-font-weight );}.elementor-1491 .elementor-element.elementor-element-dd0b52d .elementor-button{background-color:#1E335D;font-family:\"Ubuntu\", Sans-serif;font-size:15px;font-weight:700;letter-spacing:1px;fill:#FFFFFF;color:#FFFFFF;border-style:solid;border-width:1px 1px 1px 1px;border-color:#1BBADF;border-radius:20px 20px 20px 20px;padding:8px 20px 8px 20px;}.elementor-1491 .elementor-element.elementor-element-dd0b52d > .elementor-widget-container{margin:-17px 0px 0px 0px;}.elementor-1491 .elementor-element.elementor-element-dd0b52d.elementor-element{--align-self:center;}@media(max-width:1024px){.elementor-1491 .elementor-element.elementor-element-16af743{--container-widget-width:100%;--container-widget-flex-grow:0;width:var( --container-widget-width, 100% );max-width:100%;}.elementor-1491 .elementor-element.elementor-element-16af743 .elementor-heading-title{font-size:25px;line-height:1.3em;}.elementor-1491 .elementor-element.elementor-element-27edcc2{font-size:16px;line-height:1.4em;}}@media(max-width:767px){.elementor-1491 .elementor-element.elementor-element-530f1ca{--margin-top:0px;--margin-bottom:20px;--margin-left:0px;--margin-right:0px;--padding-top:10px;--padding-bottom:0px;--padding-left:0px;--padding-right:0px;}.elementor-1491 .elementor-element.elementor-element-2215f04 img{height:200px;}.elementor-1491 .elementor-element.elementor-element-ac2651b{--gap:20px 20px;--row-gap:20px;--column-gap:20px;--padding-top:30px;--padding-bottom:30px;--padding-left:20px;--padding-right:20px;}.elementor-1491 .elementor-element.elementor-element-16af743 .elementor-heading-title{font-size:20px;}.elementor-1491 .elementor-element.elementor-element-27edcc2{font-size:16px;}}@media(min-width:768px){.elementor-1491 .elementor-element.elementor-element-533a9b0{--width:100%;}.elementor-1491 .elementor-element.elementor-element-ac2651b{--width:100%;}}<\/style>\t\t<div data-elementor-type=\"loop-item\" data-elementor-id=\"1491\" class=\"elementor elementor-1491 e-loop-item e-loop-item-1498 post-1498 projeto_sdb type-projeto_sdb status-publish has-post-thumbnail hentry projeto_categorias-educacao\" data-elementor-post-type=\"elementor_library\" data-custom-edit-handle=\"1\">\n\t\t\t<div class=\"elementor-element elementor-element-530f1ca e-flex e-con-boxed e-con e-parent\" data-id=\"530f1ca\" data-element_type=\"container\">\n\t\t\t\t\t<div class=\"e-con-inner\">\n\t\t<div class=\"elementor-element elementor-element-533a9b0 e-con-full e-flex e-con e-child\" data-id=\"533a9b0\" data-element_type=\"container\">\n\t\t\t\t<div class=\"elementor-element elementor-element-2215f04 elementor-widget elementor-widget-theme-post-featured-image elementor-widget-image\" data-id=\"2215f04\" data-element_type=\"widget\" data-widget_type=\"theme-post-featured-image.default\">\n\t\t\t\t<div class=\"elementor-widget-container\">\n\t\t\t\t\t\t\t\t\t\t\t\t\t\t\t\t<a href=\"https:\/\/saudedigitalbrasil.com.br\/en_us\/publicacoes\/\">\n\t\t\t\t\t\t\t<img fetchpriority=\"high\" decoding=\"async\" width=\"2560\" height=\"1707\" src=\"https:\/\/saudedigitalbrasil.com.br\/wp-content\/uploads\/2024\/08\/Educacao-scaled.jpg\" class=\"attachment-full size-full wp-image-8709\" alt=\"\" srcset=\"https:\/\/saudedigitalbrasil.com.br\/wp-content\/uploads\/2024\/08\/Educacao-scaled.jpg 2560w, https:\/\/saudedigitalbrasil.com.br\/wp-content\/uploads\/2024\/08\/Educacao-300x200.jpg 300w, https:\/\/saudedigitalbrasil.com.br\/wp-content\/uploads\/2024\/08\/Educacao-1024x683.jpg 1024w, https:\/\/saudedigitalbrasil.com.br\/wp-content\/uploads\/2024\/08\/Educacao-768x512.jpg 768w, https:\/\/saudedigitalbrasil.com.br\/wp-content\/uploads\/2024\/08\/Educacao-1536x1024.jpg 1536w, https:\/\/saudedigitalbrasil.com.br\/wp-content\/uploads\/2024\/08\/Educacao-2048x1365.jpg 2048w, https:\/\/saudedigitalbrasil.com.br\/wp-content\/uploads\/2024\/08\/Educacao-18x12.jpg 18w\" sizes=\"(max-width: 2560px) 100vw, 2560px\" \/>\t\t\t\t\t\t\t\t<\/a>\n\t\t\t\t\t\t\t\t\t\t\t\t\t\t\t<\/div>\n\t\t\t\t<\/div>\n\t\t\t\t<\/div>\n\t\t<div class=\"elementor-element elementor-element-ac2651b e-con-full e-flex e-con e-child\" data-id=\"ac2651b\" data-element_type=\"container\" data-settings=\"{&quot;background_background&quot;:&quot;classic&quot;}\">\n\t\t\t\t<div class=\"elementor-element elementor-element-16af743 elementor-widget__width-initial elementor-widget elementor-widget-heading\" data-id=\"16af743\" data-element_type=\"widget\" data-widget_type=\"heading.default\">\n\t\t\t\t<div class=\"elementor-widget-container\">\n\t\t\t\t\t<h2 class=\"elementor-heading-title elementor-size-default\">Education<\/h2>\t\t\t\t<\/div>\n\t\t\t\t<\/div>\n\t\t\t\t<div class=\"elementor-element elementor-element-27edcc2 elementor-widget elementor-widget-theme-post-content\" data-id=\"27edcc2\" data-element_type=\"widget\" data-widget_type=\"theme-post-content.default\">\n\t\t\t\t<div class=\"elementor-widget-container\">\n\t\t\t\t\t<p class=\"ds-markdown-paragraph\">Sa\u00fade Digital Brasil offers courses, events and technical materials to train health and technology professionals, disseminating knowledge and best practices related to telehealth and digital health.<\/p>\n<p class=\"ds-markdown-paragraph\">Nossa \u00e1rea de educa\u00e7\u00e3o \u00e9 complementada por\u00a0<strong>manuais t\u00e9cnicos e publica\u00e7\u00f5es especializadas<\/strong>, que servem como refer\u00eancia para a implementa\u00e7\u00e3o e o aprimoramento de projetos na \u00e1rea. Esses materiais abordam temas como protocolos cl\u00ednicos, seguran\u00e7a da informa\u00e7\u00e3o, prote\u00e7\u00e3o de dados, interoperabilidade, prescri\u00e7\u00e3o eletr\u00f4nica e diretrizes para a pr\u00e1tica da telessa\u00fade.<\/p>\n\t\t\t\t<\/div>\n\t\t\t\t<\/div>\n\t\t\t\t<\/div>\n\t\t\t\t<div class=\"elementor-element elementor-element-dd0b52d elementor-align-center elementor-widget elementor-widget-button\" data-id=\"dd0b52d\" data-element_type=\"widget\" data-widget_type=\"button.default\">\n\t\t\t\t<div class=\"elementor-widget-container\">\n\t\t\t\t\t\t\t\t\t<div class=\"elementor-button-wrapper\">\n\t\t\t\t\t<a class=\"elementor-button elementor-size-sm elementor-animation-shrink\" role=\"button\">\n\t\t\t\t\t\t<span class=\"elementor-button-content-wrapper\">\n\t\t\t\t\t\t\t\t\t<span class=\"elementor-button-text\">know +<\/span>\n\t\t\t\t\t<\/span>\n\t\t\t\t\t<\/a>\n\t\t\t\t<\/div>\n\t\t\t\t\t\t\t\t<\/div>\n\t\t\t\t<\/div>\n\t\t\t\t\t<\/div>\n\t\t\t\t<\/div>\n\t\t\t\t<\/div>\n\t\t\t\t<div data-elementor-type=\"loop-item\" data-elementor-id=\"1491\" class=\"elementor elementor-1491 e-loop-item e-loop-item-1499 post-1499 projeto_sdb type-projeto_sdb status-publish has-post-thumbnail hentry projeto_categorias-responsabilidade-social\" data-elementor-post-type=\"elementor_library\" data-custom-edit-handle=\"1\">\n\t\t\t<div class=\"elementor-element elementor-element-530f1ca e-flex e-con-boxed e-con e-parent\" data-id=\"530f1ca\" data-element_type=\"container\">\n\t\t\t\t\t<div class=\"e-con-inner\">\n\t\t<div class=\"elementor-element elementor-element-533a9b0 e-con-full e-flex e-con e-child\" data-id=\"533a9b0\" data-element_type=\"container\">\n\t\t\t\t<div class=\"elementor-element elementor-element-2215f04 elementor-widget elementor-widget-theme-post-featured-image elementor-widget-image\" data-id=\"2215f04\" data-element_type=\"widget\" data-widget_type=\"theme-post-featured-image.default\">\n\t\t\t\t<div class=\"elementor-widget-container\">\n\t\t\t\t\t\t\t\t\t\t\t\t\t\t\t\t<a href=\"https:\/\/saudedigitalbrasil.com.br\/en_us\/sdb-lanca-primeira-capsula-de-telessaude-para-levar-servicos-a-populacao-indigena\/\">\n\t\t\t\t\t\t\t<img decoding=\"async\" width=\"2560\" height=\"1708\" src=\"https:\/\/saudedigitalbrasil.com.br\/wp-content\/uploads\/2024\/09\/Responsabilidade-social-scaled.jpg\" class=\"attachment-full size-full wp-image-8717\" alt=\"\" srcset=\"https:\/\/saudedigitalbrasil.com.br\/wp-content\/uploads\/2024\/09\/Responsabilidade-social-scaled.jpg 2560w, https:\/\/saudedigitalbrasil.com.br\/wp-content\/uploads\/2024\/09\/Responsabilidade-social-300x200.jpg 300w, https:\/\/saudedigitalbrasil.com.br\/wp-content\/uploads\/2024\/09\/Responsabilidade-social-1024x683.jpg 1024w, https:\/\/saudedigitalbrasil.com.br\/wp-content\/uploads\/2024\/09\/Responsabilidade-social-768x512.jpg 768w, https:\/\/saudedigitalbrasil.com.br\/wp-content\/uploads\/2024\/09\/Responsabilidade-social-1536x1025.jpg 1536w, https:\/\/saudedigitalbrasil.com.br\/wp-content\/uploads\/2024\/09\/Responsabilidade-social-2048x1366.jpg 2048w, https:\/\/saudedigitalbrasil.com.br\/wp-content\/uploads\/2024\/09\/Responsabilidade-social-18x12.jpg 18w\" sizes=\"(max-width: 2560px) 100vw, 2560px\" \/>\t\t\t\t\t\t\t\t<\/a>\n\t\t\t\t\t\t\t\t\t\t\t\t\t\t\t<\/div>\n\t\t\t\t<\/div>\n\t\t\t\t<\/div>\n\t\t<div class=\"elementor-element elementor-element-ac2651b e-con-full e-flex e-con e-child\" data-id=\"ac2651b\" data-element_type=\"container\" data-settings=\"{&quot;background_background&quot;:&quot;classic&quot;}\">\n\t\t\t\t<div class=\"elementor-element elementor-element-16af743 elementor-widget__width-initial elementor-widget elementor-widget-heading\" data-id=\"16af743\" data-element_type=\"widget\" data-widget_type=\"heading.default\">\n\t\t\t\t<div class=\"elementor-widget-container\">\n\t\t\t\t\t<h2 class=\"elementor-heading-title elementor-size-default\">Social responsability<\/h2>\t\t\t\t<\/div>\n\t\t\t\t<\/div>\n\t\t\t\t<div class=\"elementor-element elementor-element-27edcc2 elementor-widget elementor-widget-theme-post-content\" data-id=\"27edcc2\" data-element_type=\"widget\" data-widget_type=\"theme-post-content.default\">\n\t\t\t\t<div class=\"elementor-widget-container\">\n\t\t\t\t\t<p>Digital Health Brazil projects that make a difference, promoting telehealth and telemedicine with a positive impact on society. We believe that responsible and committed actions from the entire sector are essential for more accessible and connected healthcare for all segments of society, especially the most vulnerable.<\/p>\n<p>Click below and learn more about the Koripako Mission, an initiative of the SDB and its partner associates in the project, which offers health services to the Koripako indigenous population, located in the Amazon Rainforest, between Brazil and Colombia.<\/p>\n\t\t\t\t<\/div>\n\t\t\t\t<\/div>\n\t\t\t\t<\/div>\n\t\t\t\t<div class=\"elementor-element elementor-element-dd0b52d elementor-align-center elementor-widget elementor-widget-button\" data-id=\"dd0b52d\" data-element_type=\"widget\" data-widget_type=\"button.default\">\n\t\t\t\t<div class=\"elementor-widget-container\">\n\t\t\t\t\t\t\t\t\t<div class=\"elementor-button-wrapper\">\n\t\t\t\t\t<a class=\"elementor-button elementor-size-sm elementor-animation-shrink\" role=\"button\">\n\t\t\t\t\t\t<span class=\"elementor-button-content-wrapper\">\n\t\t\t\t\t\t\t\t\t<span class=\"elementor-button-text\">know +<\/span>\n\t\t\t\t\t<\/span>\n\t\t\t\t\t<\/a>\n\t\t\t\t<\/div>\n\t\t\t\t\t\t\t\t<\/div>\n\t\t\t\t<\/div>\n\t\t\t\t\t<\/div>\n\t\t\t\t<\/div>\n\t\t\t\t<\/div>\n\t\t\t\t<div data-elementor-type=\"loop-item\" data-elementor-id=\"1491\" class=\"elementor elementor-1491 e-loop-item e-loop-item-1494 post-1494 projeto_sdb type-projeto_sdb status-publish has-post-thumbnail hentry projeto_categorias-painel-de-indicadores\" data-elementor-post-type=\"elementor_library\" data-custom-edit-handle=\"1\">\n\t\t\t<div class=\"elementor-element elementor-element-530f1ca e-flex e-con-boxed e-con e-parent\" data-id=\"530f1ca\" data-element_type=\"container\">\n\t\t\t\t\t<div class=\"e-con-inner\">\n\t\t<div class=\"elementor-element elementor-element-533a9b0 e-con-full e-flex e-con e-child\" data-id=\"533a9b0\" data-element_type=\"container\">\n\t\t\t\t<div class=\"elementor-element elementor-element-2215f04 elementor-widget elementor-widget-theme-post-featured-image elementor-widget-image\" data-id=\"2215f04\" data-element_type=\"widget\" data-widget_type=\"theme-post-featured-image.default\">\n\t\t\t\t<div class=\"elementor-widget-container\">\n\t\t\t\t\t\t\t\t\t\t\t\t\t\t\t\t<a href=\"https:\/\/saudedigitalbrasil.com.br\/en_us\/painel-de-indicadores\/\">\n\t\t\t\t\t\t\t<img decoding=\"async\" width=\"2560\" height=\"1707\" src=\"https:\/\/saudedigitalbrasil.com.br\/wp-content\/uploads\/2024\/09\/Painel-de-Indicadores-scaled.jpg\" class=\"attachment-full size-full wp-image-8715\" alt=\"\" srcset=\"https:\/\/saudedigitalbrasil.com.br\/wp-content\/uploads\/2024\/09\/Painel-de-Indicadores-scaled.jpg 2560w, https:\/\/saudedigitalbrasil.com.br\/wp-content\/uploads\/2024\/09\/Painel-de-Indicadores-300x200.jpg 300w, https:\/\/saudedigitalbrasil.com.br\/wp-content\/uploads\/2024\/09\/Painel-de-Indicadores-1024x683.jpg 1024w, https:\/\/saudedigitalbrasil.com.br\/wp-content\/uploads\/2024\/09\/Painel-de-Indicadores-768x512.jpg 768w, https:\/\/saudedigitalbrasil.com.br\/wp-content\/uploads\/2024\/09\/Painel-de-Indicadores-1536x1024.jpg 1536w, https:\/\/saudedigitalbrasil.com.br\/wp-content\/uploads\/2024\/09\/Painel-de-Indicadores-2048x1365.jpg 2048w, https:\/\/saudedigitalbrasil.com.br\/wp-content\/uploads\/2024\/09\/Painel-de-Indicadores-18x12.jpg 18w\" sizes=\"(max-width: 2560px) 100vw, 2560px\" \/>\t\t\t\t\t\t\t\t<\/a>\n\t\t\t\t\t\t\t\t\t\t\t\t\t\t\t<\/div>\n\t\t\t\t<\/div>\n\t\t\t\t<\/div>\n\t\t<div class=\"elementor-element elementor-element-ac2651b e-con-full e-flex e-con e-child\" data-id=\"ac2651b\" data-element_type=\"container\" data-settings=\"{&quot;background_background&quot;:&quot;classic&quot;}\">\n\t\t\t\t<div class=\"elementor-element elementor-element-16af743 elementor-widget__width-initial elementor-widget elementor-widget-heading\" data-id=\"16af743\" data-element_type=\"widget\" data-widget_type=\"heading.default\">\n\t\t\t\t<div class=\"elementor-widget-container\">\n\t\t\t\t\t<h2 class=\"elementor-heading-title elementor-size-default\">Sectoral Indicators Panel<\/h2>\t\t\t\t<\/div>\n\t\t\t\t<\/div>\n\t\t\t\t<div class=\"elementor-element elementor-element-27edcc2 elementor-widget elementor-widget-theme-post-content\" data-id=\"27edcc2\" data-element_type=\"widget\" data-widget_type=\"theme-post-content.default\">\n\t\t\t\t<div class=\"elementor-widget-container\">\n\t\t\t\t\t<p>An unprecedented initiative by Sa\u00fade Digital Brasil that offers an overview of telehealth in the country, based on exclusive data collected from members. The platform, which unifies the collection of information in a standardized manner, offers valuable knowledge to society, managers, health professionals and the scientific community. In addition, it provides benchmarking for companies participating in the project.<\/p>\n\t\t\t\t<\/div>\n\t\t\t\t<\/div>\n\t\t\t\t<\/div>\n\t\t\t\t<div class=\"elementor-element elementor-element-dd0b52d elementor-align-center elementor-widget elementor-widget-button\" data-id=\"dd0b52d\" data-element_type=\"widget\" data-widget_type=\"button.default\">\n\t\t\t\t<div class=\"elementor-widget-container\">\n\t\t\t\t\t\t\t\t\t<div class=\"elementor-button-wrapper\">\n\t\t\t\t\t<a class=\"elementor-button elementor-size-sm elementor-animation-shrink\" role=\"button\">\n\t\t\t\t\t\t<span class=\"elementor-button-content-wrapper\">\n\t\t\t\t\t\t\t\t\t<span class=\"elementor-button-text\">know +<\/span>\n\t\t\t\t\t<\/span>\n\t\t\t\t\t<\/a>\n\t\t\t\t<\/div>\n\t\t\t\t\t\t\t\t<\/div>\n\t\t\t\t<\/div>\n\t\t\t\t\t<\/div>\n\t\t\t\t<\/div>\n\t\t\t\t<\/div>\n\t\t\t\t<\/div>\n\t\t\n\t\t\t\t\t\t<\/div>\n\t\t\t\t<\/div>\n\t\t\t\t\t<\/div>\n\t\t\t\t<\/div>\n\t\t\t\t<\/div>","protected":false},"excerpt":{"rendered":"<p>SDB projects<\/p>","protected":false},"author":1,"featured_media":0,"parent":0,"menu_order":0,"comment_status":"closed","ping_status":"closed","template":"elementor_header_footer","meta":{"footnotes":""},"class_list":["post-27","page","type-page","status-publish","hentry"],"_links":{"self":[{"href":"https:\/\/saudedigitalbrasil.com.br\/en_us\/wp-json\/wp\/v2\/pages\/27","targetHints":{"allow":["GET"]}}],"collection":[{"href":"https:\/\/saudedigitalbrasil.com.br\/en_us\/wp-json\/wp\/v2\/pages"}],"about":[{"href":"https:\/\/saudedigitalbrasil.com.br\/en_us\/wp-json\/wp\/v2\/types\/page"}],"author":[{"embeddable":true,"href":"https:\/\/saudedigitalbrasil.com.br\/en_us\/wp-json\/wp\/v2\/users\/1"}],"replies":[{"embeddable":true,"href":"https:\/\/saudedigitalbrasil.com.br\/en_us\/wp-json\/wp\/v2\/comments?post=27"}],"version-history":[{"count":7,"href":"https:\/\/saudedigitalbrasil.com.br\/en_us\/wp-json\/wp\/v2\/pages\/27\/revisions"}],"predecessor-version":[{"id":9187,"href":"https:\/\/saudedigitalbrasil.com.br\/en_us\/wp-json\/wp\/v2\/pages\/27\/revisions\/9187"}],"wp:attachment":[{"href":"https:\/\/saudedigitalbrasil.com.br\/en_us\/wp-json\/wp\/v2\/media?parent=27"}],"curies":[{"name":"wp","href":"https:\/\/api.w.org\/{rel}","templated":true}]}}