{"id":4089,"date":"2024-06-25T16:41:02","date_gmt":"2024-06-25T19:41:02","guid":{"rendered":"https:\/\/saudedigitalbrasil.com.br\/?page_id=4089"},"modified":"2026-01-08T18:13:26","modified_gmt":"2026-01-08T21:13:26","slug":"publicacoes","status":"publish","type":"page","link":"https:\/\/saudedigitalbrasil.com.br\/en_us\/publicacoes\/","title":{"rendered":"Publications"},"content":{"rendered":"<div data-elementor-type=\"wp-page\" data-elementor-id=\"4089\" class=\"elementor elementor-4089\" data-elementor-post-type=\"page\">\n\t\t\t\t<div class=\"elementor-element elementor-element-533e075 e-con-full e-flex e-con e-parent\" data-id=\"533e075\" data-element_type=\"container\" data-settings=\"{&quot;background_background&quot;:&quot;classic&quot;}\">\n\t\t\t\t<div class=\"elementor-element elementor-element-fbb7cc2 elementor-widget elementor-widget-heading\" data-id=\"fbb7cc2\" data-element_type=\"widget\" data-widget_type=\"heading.default\">\n\t\t\t\t<div class=\"elementor-widget-container\">\n\t\t\t\t\t<h1 class=\"elementor-heading-title elementor-size-default\">Publications <\/h1>\t\t\t\t<\/div>\n\t\t\t\t<\/div>\n\t\t\t\t<\/div>\n\t\t<div class=\"elementor-element elementor-element-9a27748 e-flex e-con-boxed e-con e-parent\" data-id=\"9a27748\" data-element_type=\"container\">\n\t\t\t\t\t<div class=\"e-con-inner\">\n\t\t\t\t<div class=\"elementor-element elementor-element-6822ff2 elementor-widget__width-initial elementor-widget elementor-widget-text-editor\" data-id=\"6822ff2\" data-element_type=\"widget\" data-widget_type=\"text-editor.default\">\n\t\t\t\t<div class=\"elementor-widget-container\">\n\t\t\t\t\t\t\t\t\t<p>Access exclusive publications produced by experts from Digital Health Brazil. Technical content to keep you up to date and drive innovation in the sector.<\/p>\t\t\t\t\t\t\t\t<\/div>\n\t\t\t\t<\/div>\n\t\t\t\t\t<\/div>\n\t\t\t\t<\/div>\n\t\t<div class=\"elementor-element elementor-element-9953f99 e-flex e-con-boxed e-con e-parent\" data-id=\"9953f99\" data-element_type=\"container\" data-settings=\"{&quot;background_background&quot;:&quot;classic&quot;}\">\n\t\t\t\t\t<div class=\"e-con-inner\">\n\t\t<div class=\"elementor-element elementor-element-d464f02 e-con-full e-flex e-con e-child\" data-id=\"d464f02\" data-element_type=\"container\">\n\t\t<div class=\"elementor-element elementor-element-a1dfd50 e-con-full e-flex e-con e-child\" data-id=\"a1dfd50\" data-element_type=\"container\">\n\t\t<a class=\"elementor-element elementor-element-1cc9458 e-con-full e-flex e-con e-child\" data-id=\"1cc9458\" data-element_type=\"container\" id=\"manual\" data-settings=\"{&quot;background_background&quot;:&quot;classic&quot;,&quot;background_motion_fx_motion_fx_mouse&quot;:&quot;yes&quot;}\">\n\t\t\t\t<\/a>\n\t\t<div class=\"elementor-element elementor-element-86eacfe e-con-full e-flex e-con e-child\" data-id=\"86eacfe\" data-element_type=\"container\" data-settings=\"{&quot;background_background&quot;:&quot;classic&quot;}\">\n\t\t\t\t<div class=\"elementor-element elementor-element-86318ed elementor-widget elementor-widget-heading\" data-id=\"86318ed\" data-element_type=\"widget\" data-widget_type=\"heading.default\">\n\t\t\t\t<div class=\"elementor-widget-container\">\n\t\t\t\t\t<h2 class=\"elementor-heading-title elementor-size-default\">Manual de Boas Pr\u00e1ticas de Telemedicina e Telessa\u00fade - 2\u00b0 Edi\u00e7\u00e3o<\/h2>\t\t\t\t<\/div>\n\t\t\t\t<\/div>\n\t\t\t\t<div class=\"elementor-element elementor-element-551ca8a elementor-widget-divider--view-line elementor-widget elementor-widget-divider\" data-id=\"551ca8a\" data-element_type=\"widget\" data-widget_type=\"divider.default\">\n\t\t\t\t<div class=\"elementor-widget-container\">\n\t\t\t\t\t\t\t<div class=\"elementor-divider\">\n\t\t\t<span class=\"elementor-divider-separator\">\n\t\t\t\t\t\t<\/span>\n\t\t<\/div>\n\t\t\t\t\t\t<\/div>\n\t\t\t\t<\/div>\n\t\t\t\t<div class=\"elementor-element elementor-element-d139ca0 elementor-widget elementor-widget-button\" data-id=\"d139ca0\" data-element_type=\"widget\" data-widget_type=\"button.default\">\n\t\t\t\t<div class=\"elementor-widget-container\">\n\t\t\t\t\t\t\t\t\t<div class=\"elementor-button-wrapper\">\n\t\t\t\t\t<a class=\"elementor-button elementor-button-link elementor-size-sm\" href=\"#elementor-action%3Aaction%3Dpopup%3Aopen%26settings%3DeyJpZCI6Ijk3NTkiLCJ0b2dnbGUiOmZhbHNlfQ%3D%3D\">\n\t\t\t\t\t\t<span class=\"elementor-button-content-wrapper\">\n\t\t\t\t\t\t\t\t\t<span class=\"elementor-button-text\">Download material<\/span>\n\t\t\t\t\t<\/span>\n\t\t\t\t\t<\/a>\n\t\t\t\t<\/div>\n\t\t\t\t\t\t\t\t<\/div>\n\t\t\t\t<\/div>\n\t\t\t\t<\/div>\n\t\t\t\t<\/div>\n\t\t<div class=\"elementor-element elementor-element-8daa080 e-con-full e-flex e-con e-child\" data-id=\"8daa080\" data-element_type=\"container\">\n\t\t<div class=\"elementor-element elementor-element-b923149 e-con-full e-flex e-con e-child\" data-id=\"b923149\" data-element_type=\"container\">\n\t\t<a class=\"elementor-element elementor-element-f4cdf98 e-con-full e-flex e-con e-child\" data-id=\"f4cdf98\" data-element_type=\"container\" data-settings=\"{&quot;background_background&quot;:&quot;classic&quot;,&quot;background_motion_fx_motion_fx_mouse&quot;:&quot;yes&quot;}\">\n\t\t\t\t<\/a>\n\t\t<div class=\"elementor-element elementor-element-382598e e-con-full e-flex e-con e-child\" data-id=\"382598e\" data-element_type=\"container\" data-settings=\"{&quot;background_background&quot;:&quot;classic&quot;}\">\n\t\t\t\t<div class=\"elementor-element elementor-element-cbde5c0 elementor-widget elementor-widget-heading\" data-id=\"cbde5c0\" data-element_type=\"widget\" data-widget_type=\"heading.default\">\n\t\t\t\t<div class=\"elementor-widget-container\">\n\t\t\t\t\t<h2 class=\"elementor-heading-title elementor-size-default\">Cartilha Atestados M\u00e9dicos e Sa\u00fade Digital<\/h2>\t\t\t\t<\/div>\n\t\t\t\t<\/div>\n\t\t\t\t<div class=\"elementor-element elementor-element-ea4d343 elementor-widget-divider--view-line elementor-widget elementor-widget-divider\" data-id=\"ea4d343\" data-element_type=\"widget\" data-widget_type=\"divider.default\">\n\t\t\t\t<div class=\"elementor-widget-container\">\n\t\t\t\t\t\t\t<div class=\"elementor-divider\">\n\t\t\t<span class=\"elementor-divider-separator\">\n\t\t\t\t\t\t<\/span>\n\t\t<\/div>\n\t\t\t\t\t\t<\/div>\n\t\t\t\t<\/div>\n\t\t\t\t<div class=\"elementor-element elementor-element-c300bfc elementor-widget elementor-widget-button\" data-id=\"c300bfc\" data-element_type=\"widget\" data-widget_type=\"button.default\">\n\t\t\t\t<div class=\"elementor-widget-container\">\n\t\t\t\t\t\t\t\t\t<div class=\"elementor-button-wrapper\">\n\t\t\t\t\t<a class=\"elementor-button elementor-button-link elementor-size-sm\" href=\"#elementor-action%3Aaction%3Dpopup%3Aopen%26settings%3DeyJpZCI6Ijk2NDkiLCJ0b2dnbGUiOmZhbHNlfQ%3D%3D\">\n\t\t\t\t\t\t<span class=\"elementor-button-content-wrapper\">\n\t\t\t\t\t\t\t\t\t<span class=\"elementor-button-text\">Download material<\/span>\n\t\t\t\t\t<\/span>\n\t\t\t\t\t<\/a>\n\t\t\t\t<\/div>\n\t\t\t\t\t\t\t\t<\/div>\n\t\t\t\t<\/div>\n\t\t\t\t<\/div>\n\t\t\t\t<\/div>\n\t\t\t\t<\/div>\n\t\t\t\t<\/div>\n\t\t<div class=\"elementor-element elementor-element-f43a9b9 e-con-full e-flex e-con e-child\" data-id=\"f43a9b9\" data-element_type=\"container\">\n\t\t<div class=\"elementor-element elementor-element-8d309b4 e-con-full e-flex e-con e-child\" data-id=\"8d309b4\" data-element_type=\"container\">\n\t\t<div class=\"elementor-element elementor-element-9d4b2fc e-con-full e-flex e-con e-child\" data-id=\"9d4b2fc\" data-element_type=\"container\">\n\t\t<a class=\"elementor-element elementor-element-5f4c189 e-con-full e-flex e-con e-child\" data-id=\"5f4c189\" data-element_type=\"container\" data-settings=\"{&quot;background_background&quot;:&quot;classic&quot;,&quot;background_motion_fx_motion_fx_mouse&quot;:&quot;yes&quot;}\">\n\t\t\t\t<\/a>\n\t\t<div class=\"elementor-element elementor-element-e3f8724 e-con-full e-flex e-con e-child\" data-id=\"e3f8724\" data-element_type=\"container\" data-settings=\"{&quot;background_background&quot;:&quot;classic&quot;}\">\n\t\t\t\t<div class=\"elementor-element elementor-element-2be7d52 elementor-widget elementor-widget-heading\" data-id=\"2be7d52\" data-element_type=\"widget\" data-widget_type=\"heading.default\">\n\t\t\t\t<div class=\"elementor-widget-container\">\n\t\t\t\t\t<h2 class=\"elementor-heading-title elementor-size-default\">Electronic Prescription Booklet<\/h2>\t\t\t\t<\/div>\n\t\t\t\t<\/div>\n\t\t\t\t<div class=\"elementor-element elementor-element-eeb0e64 elementor-widget-divider--view-line elementor-widget elementor-widget-divider\" data-id=\"eeb0e64\" data-element_type=\"widget\" data-widget_type=\"divider.default\">\n\t\t\t\t<div class=\"elementor-widget-container\">\n\t\t\t\t\t\t\t<div class=\"elementor-divider\">\n\t\t\t<span class=\"elementor-divider-separator\">\n\t\t\t\t\t\t<\/span>\n\t\t<\/div>\n\t\t\t\t\t\t<\/div>\n\t\t\t\t<\/div>\n\t\t\t\t<div class=\"elementor-element elementor-element-7db3b57 elementor-widget elementor-widget-button\" data-id=\"7db3b57\" data-element_type=\"widget\" data-widget_type=\"button.default\">\n\t\t\t\t<div class=\"elementor-widget-container\">\n\t\t\t\t\t\t\t\t\t<div class=\"elementor-button-wrapper\">\n\t\t\t\t\t<a class=\"elementor-button elementor-button-link elementor-size-sm\" href=\"#elementor-action%3Aaction%3Dpopup%3Aopen%26settings%3DeyJpZCI6Ijk2NTUiLCJ0b2dnbGUiOmZhbHNlfQ%3D%3D\">\n\t\t\t\t\t\t<span class=\"elementor-button-content-wrapper\">\n\t\t\t\t\t\t\t\t\t<span class=\"elementor-button-text\">Download material<\/span>\n\t\t\t\t\t<\/span>\n\t\t\t\t\t<\/a>\n\t\t\t\t<\/div>\n\t\t\t\t\t\t\t\t<\/div>\n\t\t\t\t<\/div>\n\t\t\t\t<\/div>\n\t\t\t\t<\/div>\n\t\t\t\t<\/div>\n\t\t<div class=\"elementor-element elementor-element-b7bcd16 e-con-full e-flex e-con e-child\" data-id=\"b7bcd16\" data-element_type=\"container\">\n\t\t<div class=\"elementor-element elementor-element-07a1bf7 e-con-full e-flex e-con e-child\" data-id=\"07a1bf7\" data-element_type=\"container\">\n\t\t<a class=\"elementor-element elementor-element-3249292 e-con-full e-flex e-con e-child\" data-id=\"3249292\" data-element_type=\"container\" data-settings=\"{&quot;background_background&quot;:&quot;classic&quot;,&quot;background_motion_fx_motion_fx_mouse&quot;:&quot;yes&quot;}\">\n\t\t\t\t<\/a>\n\t\t<div class=\"elementor-element elementor-element-8112405 e-con-full e-flex e-con e-child\" data-id=\"8112405\" data-element_type=\"container\" data-settings=\"{&quot;background_background&quot;:&quot;classic&quot;}\">\n\t\t\t\t<div class=\"elementor-element elementor-element-9866674 elementor-widget elementor-widget-heading\" data-id=\"9866674\" data-element_type=\"widget\" data-widget_type=\"heading.default\">\n\t\t\t\t<div class=\"elementor-widget-container\">\n\t\t\t\t\t<h2 class=\"elementor-heading-title elementor-size-default\">Sa\u00fade Mental no Trabalho: Guia Orientativo SDB NR-1<\/h2>\t\t\t\t<\/div>\n\t\t\t\t<\/div>\n\t\t\t\t<div class=\"elementor-element elementor-element-6c8ccee elementor-widget-divider--view-line elementor-widget elementor-widget-divider\" data-id=\"6c8ccee\" data-element_type=\"widget\" data-widget_type=\"divider.default\">\n\t\t\t\t<div class=\"elementor-widget-container\">\n\t\t\t\t\t\t\t<div class=\"elementor-divider\">\n\t\t\t<span class=\"elementor-divider-separator\">\n\t\t\t\t\t\t<\/span>\n\t\t<\/div>\n\t\t\t\t\t\t<\/div>\n\t\t\t\t<\/div>\n\t\t\t\t<div class=\"elementor-element elementor-element-3f53cf9 elementor-widget elementor-widget-button\" data-id=\"3f53cf9\" data-element_type=\"widget\" data-widget_type=\"button.default\">\n\t\t\t\t<div class=\"elementor-widget-container\">\n\t\t\t\t\t\t\t\t\t<div class=\"elementor-button-wrapper\">\n\t\t\t\t\t<a class=\"elementor-button elementor-button-link elementor-size-sm\" href=\"#elementor-action%3Aaction%3Dpopup%3Aopen%26settings%3DeyJpZCI6Ijk2MzciLCJ0b2dnbGUiOmZhbHNlfQ%3D%3D\">\n\t\t\t\t\t\t<span class=\"elementor-button-content-wrapper\">\n\t\t\t\t\t\t\t\t\t<span class=\"elementor-button-text\">Download material<\/span>\n\t\t\t\t\t<\/span>\n\t\t\t\t\t<\/a>\n\t\t\t\t<\/div>\n\t\t\t\t\t\t\t\t<\/div>\n\t\t\t\t<\/div>\n\t\t\t\t<\/div>\n\t\t\t\t<\/div>\n\t\t\t\t<\/div>\n\t\t\t\t<\/div>\n\t\t<div class=\"elementor-element elementor-element-b22fb31 e-con-full e-flex e-con e-child\" data-id=\"b22fb31\" data-element_type=\"container\">\n\t\t<div class=\"elementor-element elementor-element-952a603 e-con-full e-flex e-con e-child\" data-id=\"952a603\" data-element_type=\"container\">\n\t\t<div class=\"elementor-element elementor-element-eca5e24 e-con-full e-flex e-con e-child\" data-id=\"eca5e24\" data-element_type=\"container\">\n\t\t<a class=\"elementor-element elementor-element-ab4eb4b e-con-full e-flex e-con e-child\" data-id=\"ab4eb4b\" data-element_type=\"container\" data-settings=\"{&quot;background_background&quot;:&quot;classic&quot;,&quot;background_motion_fx_motion_fx_mouse&quot;:&quot;yes&quot;}\">\n\t\t\t\t<\/a>\n\t\t<div class=\"elementor-element elementor-element-db26f33 e-con-full e-flex e-con e-child\" data-id=\"db26f33\" data-element_type=\"container\" data-settings=\"{&quot;background_background&quot;:&quot;classic&quot;}\">\n\t\t\t\t<div class=\"elementor-element elementor-element-7414ac0 elementor-widget elementor-widget-heading\" data-id=\"7414ac0\" data-element_type=\"widget\" data-widget_type=\"heading.default\">\n\t\t\t\t<div class=\"elementor-widget-container\">\n\t\t\t\t\t<h2 class=\"elementor-heading-title elementor-size-default\">Relat\u00f3rio de Atividades 2025\n<\/h2>\t\t\t\t<\/div>\n\t\t\t\t<\/div>\n\t\t\t\t<div class=\"elementor-element elementor-element-549ae5f elementor-widget-divider--view-line elementor-widget elementor-widget-divider\" data-id=\"549ae5f\" data-element_type=\"widget\" data-widget_type=\"divider.default\">\n\t\t\t\t<div class=\"elementor-widget-container\">\n\t\t\t\t\t\t\t<div class=\"elementor-divider\">\n\t\t\t<span class=\"elementor-divider-separator\">\n\t\t\t\t\t\t<\/span>\n\t\t<\/div>\n\t\t\t\t\t\t<\/div>\n\t\t\t\t<\/div>\n\t\t\t\t<div class=\"elementor-element elementor-element-7dcf90b elementor-widget elementor-widget-button\" data-id=\"7dcf90b\" data-element_type=\"widget\" data-widget_type=\"button.default\">\n\t\t\t\t<div class=\"elementor-widget-container\">\n\t\t\t\t\t\t\t\t\t<div class=\"elementor-button-wrapper\">\n\t\t\t\t\t<a class=\"elementor-button elementor-button-link elementor-size-sm\" href=\"https:\/\/saudedigitalbrasil.com.br\/wp-content\/uploads\/2026\/01\/071-SDB-relatorio-de-atividades-8-1-1.pdf\">\n\t\t\t\t\t\t<span class=\"elementor-button-content-wrapper\">\n\t\t\t\t\t\t\t\t\t<span class=\"elementor-button-text\">Download material<\/span>\n\t\t\t\t\t<\/span>\n\t\t\t\t\t<\/a>\n\t\t\t\t<\/div>\n\t\t\t\t\t\t\t\t<\/div>\n\t\t\t\t<\/div>\n\t\t\t\t<\/div>\n\t\t\t\t<\/div>\n\t\t\t\t<\/div>\n\t\t<div class=\"elementor-element elementor-element-b6c594f e-con-full e-flex e-con e-child\" data-id=\"b6c594f\" data-element_type=\"container\">\n\t\t<div class=\"elementor-element elementor-element-2b262a9 e-con-full e-flex e-con e-child\" data-id=\"2b262a9\" data-element_type=\"container\">\n\t\t<a class=\"elementor-element elementor-element-2f9f99e e-con-full e-flex e-con e-child\" data-id=\"2f9f99e\" data-element_type=\"container\" data-settings=\"{&quot;background_background&quot;:&quot;classic&quot;,&quot;background_motion_fx_motion_fx_mouse&quot;:&quot;yes&quot;}\">\n\t\t\t\t<\/a>\n\t\t<div class=\"elementor-element elementor-element-101fa62 e-con-full e-flex e-con e-child\" data-id=\"101fa62\" data-element_type=\"container\" data-settings=\"{&quot;background_background&quot;:&quot;classic&quot;}\">\n\t\t\t\t<div class=\"elementor-element elementor-element-a63ca33 elementor-widget elementor-widget-heading\" data-id=\"a63ca33\" data-element_type=\"widget\" data-widget_type=\"heading.default\">\n\t\t\t\t<div class=\"elementor-widget-container\">\n\t\t\t\t\t<h2 class=\"elementor-heading-title elementor-size-default\">Relat\u00f3rio de Atividades 2024\n<\/h2>\t\t\t\t<\/div>\n\t\t\t\t<\/div>\n\t\t\t\t<div class=\"elementor-element elementor-element-cf9956f elementor-widget-divider--view-line elementor-widget elementor-widget-divider\" data-id=\"cf9956f\" data-element_type=\"widget\" data-widget_type=\"divider.default\">\n\t\t\t\t<div class=\"elementor-widget-container\">\n\t\t\t\t\t\t\t<div class=\"elementor-divider\">\n\t\t\t<span class=\"elementor-divider-separator\">\n\t\t\t\t\t\t<\/span>\n\t\t<\/div>\n\t\t\t\t\t\t<\/div>\n\t\t\t\t<\/div>\n\t\t\t\t<div class=\"elementor-element elementor-element-430e285 elementor-widget elementor-widget-button\" data-id=\"430e285\" data-element_type=\"widget\" data-widget_type=\"button.default\">\n\t\t\t\t<div class=\"elementor-widget-container\">\n\t\t\t\t\t\t\t\t\t<div class=\"elementor-button-wrapper\">\n\t\t\t\t\t<a class=\"elementor-button elementor-button-link elementor-size-sm\" href=\"#elementor-action%3Aaction%3Dpopup%3Aopen%26settings%3DeyJpZCI6Ijk2NDMiLCJ0b2dnbGUiOmZhbHNlfQ%3D%3D\">\n\t\t\t\t\t\t<span class=\"elementor-button-content-wrapper\">\n\t\t\t\t\t\t\t\t\t<span class=\"elementor-button-text\">Download material<\/span>\n\t\t\t\t\t<\/span>\n\t\t\t\t\t<\/a>\n\t\t\t\t<\/div>\n\t\t\t\t\t\t\t\t<\/div>\n\t\t\t\t<\/div>\n\t\t\t\t<\/div>\n\t\t\t\t<\/div>\n\t\t\t\t<\/div>\n\t\t\t\t<\/div>\n\t\t\t\t\t<\/div>\n\t\t\t\t<\/div>\n\t\t\t\t<\/div>","protected":false},"excerpt":{"rendered":"<p>Publica\u00e7\u00f5es Acesse publica\u00e7\u00f5es exclusivas produzidas por especialistas da Sa\u00fade Digital Brasil. Conte\u00fado t\u00e9cnico para voc\u00ea se manter atualizado e impulsionar a inova\u00e7\u00e3o no setor. Manual de Boas Pr\u00e1ticas de Telemedicina [&hellip;]<\/p>","protected":false},"author":1,"featured_media":0,"parent":0,"menu_order":0,"comment_status":"closed","ping_status":"closed","template":"elementor_header_footer","meta":{"footnotes":""},"class_list":["post-4089","page","type-page","status-publish","hentry"],"_links":{"self":[{"href":"https:\/\/saudedigitalbrasil.com.br\/en_us\/wp-json\/wp\/v2\/pages\/4089","targetHints":{"allow":["GET"]}}],"collection":[{"href":"https:\/\/saudedigitalbrasil.com.br\/en_us\/wp-json\/wp\/v2\/pages"}],"about":[{"href":"https:\/\/saudedigitalbrasil.com.br\/en_us\/wp-json\/wp\/v2\/types\/page"}],"author":[{"embeddable":true,"href":"https:\/\/saudedigitalbrasil.com.br\/en_us\/wp-json\/wp\/v2\/users\/1"}],"replies":[{"embeddable":true,"href":"https:\/\/saudedigitalbrasil.com.br\/en_us\/wp-json\/wp\/v2\/comments?post=4089"}],"version-history":[{"count":78,"href":"https:\/\/saudedigitalbrasil.com.br\/en_us\/wp-json\/wp\/v2\/pages\/4089\/revisions"}],"predecessor-version":[{"id":10466,"href":"https:\/\/saudedigitalbrasil.com.br\/en_us\/wp-json\/wp\/v2\/pages\/4089\/revisions\/10466"}],"wp:attachment":[{"href":"https:\/\/saudedigitalbrasil.com.br\/en_us\/wp-json\/wp\/v2\/media?parent=4089"}],"curies":[{"name":"wp","href":"https:\/\/api.w.org\/{rel}","templated":true}]}}